{"id":1953,"date":"2022-01-27T15:25:44","date_gmt":"2022-01-27T15:25:44","guid":{"rendered":"https:\/\/oeilcdn.org\/?page_id=1953"},"modified":"2025-11-10T21:38:55","modified_gmt":"2025-11-10T21:38:55","slug":"staff-board-of-directors","status":"publish","type":"page","link":"https:\/\/oeilcdn.org\/en\/staff-board-of-directors\/","title":{"rendered":"Staff &#038; Board of Directors"},"content":{"rendered":"\t\t<div data-elementor-type=\"wp-page\" data-elementor-id=\"1953\" class=\"elementor elementor-1953 elementor-1019\" data-elementor-post-type=\"page\">\n\t\t\t\t\t\t<section class=\"elementor-section elementor-top-section elementor-element elementor-element-e539939 elementor-section-boxed elementor-section-height-default elementor-section-height-default\" data-id=\"e539939\" data-element_type=\"section\" data-e-type=\"section\">\n\t\t\t\t\t\t<div class=\"elementor-container elementor-column-gap-default\">\n\t\t\t\t\t<div class=\"elementor-column elementor-col-100 elementor-top-column elementor-element elementor-element-486cbb7\" data-id=\"486cbb7\" data-element_type=\"column\" data-e-type=\"column\">\n\t\t\t<div class=\"elementor-widget-wrap elementor-element-populated\">\n\t\t\t\t\t\t\t<\/div>\n\t\t<\/div>\n\t\t\t\t\t<\/div>\n\t\t<\/section>\n\t\t\t\t<section class=\"elementor-section elementor-top-section elementor-element elementor-element-43b5d6c elementor-section-boxed elementor-section-height-default elementor-section-height-default\" data-id=\"43b5d6c\" data-element_type=\"section\" data-e-type=\"section\">\n\t\t\t\t\t\t<div class=\"elementor-container elementor-column-gap-default\">\n\t\t\t\t\t<div class=\"elementor-column elementor-col-100 elementor-top-column elementor-element elementor-element-8e7fa40\" data-id=\"8e7fa40\" data-element_type=\"column\" data-e-type=\"column\" data-settings=\"{&quot;background_motion_fx_translateY_effect&quot;:&quot;yes&quot;,&quot;background_motion_fx_translateY_direction&quot;:&quot;negative&quot;,&quot;background_motion_fx_translateY_speed&quot;:{&quot;unit&quot;:&quot;px&quot;,&quot;size&quot;:1.5,&quot;sizes&quot;:[]},&quot;background_motion_fx_devices&quot;:[&quot;desktop&quot;,&quot;tablet&quot;],&quot;background_motion_fx_translateY_affectedRange&quot;:{&quot;unit&quot;:&quot;%&quot;,&quot;size&quot;:&quot;&quot;,&quot;sizes&quot;:{&quot;start&quot;:0,&quot;end&quot;:100}}}\">\n\t\t\t<div class=\"elementor-widget-wrap elementor-element-populated\">\n\t\t\t\t\t\t<div class=\"elementor-element elementor-element-f0b7c4d elementor-invisible elementor-widget elementor-widget-image\" data-id=\"f0b7c4d\" data-element_type=\"widget\" data-e-type=\"widget\" data-settings=\"{&quot;_animation&quot;:&quot;fadeIn&quot;}\" data-widget_type=\"image.default\">\n\t\t\t\t<div class=\"elementor-widget-container\">\n\t\t\t\t\t\t\t\t\t\t\t\t\t\t\t<img fetchpriority=\"high\" decoding=\"async\" width=\"1500\" height=\"500\" src=\"https:\/\/oeilcdn.org\/wp-content\/uploads\/2021\/07\/IMG_9841.jpg\" class=\"attachment-full size-full wp-image-1509\" alt=\"\" srcset=\"https:\/\/oeilcdn.org\/wp-content\/uploads\/2021\/07\/IMG_9841.jpg 1500w, https:\/\/oeilcdn.org\/wp-content\/uploads\/2021\/07\/IMG_9841-300x100.jpg 300w, https:\/\/oeilcdn.org\/wp-content\/uploads\/2021\/07\/IMG_9841-1024x341.jpg 1024w, https:\/\/oeilcdn.org\/wp-content\/uploads\/2021\/07\/IMG_9841-768x256.jpg 768w\" sizes=\"(max-width: 1500px) 100vw, 1500px\" \/>\t\t\t\t\t\t\t\t\t\t\t\t\t\t\t<\/div>\n\t\t\t\t<\/div>\n\t\t\t\t<div class=\"elementor-element elementor-element-64ff073 elementor-widget elementor-widget-heading\" data-id=\"64ff073\" data-element_type=\"widget\" data-e-type=\"widget\" data-widget_type=\"heading.default\">\n\t\t\t\t<div class=\"elementor-widget-container\">\n\t\t\t\t\t<h6 class=\"elementor-heading-title elementor-size-default\">\u00a9 Fernando Calder\u00f3n<\/h6>\t\t\t\t<\/div>\n\t\t\t\t<\/div>\n\t\t\t\t\t<\/div>\n\t\t<\/div>\n\t\t\t\t\t<\/div>\n\t\t<\/section>\n\t\t\t\t<section class=\"elementor-section elementor-top-section elementor-element elementor-element-04747a5 elementor-section-height-min-height elementor-section-boxed elementor-section-height-default elementor-section-items-middle\" data-id=\"04747a5\" data-element_type=\"section\" data-e-type=\"section\" data-settings=\"{&quot;background_background&quot;:&quot;classic&quot;}\">\n\t\t\t\t\t\t<div class=\"elementor-container elementor-column-gap-default\">\n\t\t\t\t\t<div class=\"elementor-column elementor-col-100 elementor-top-column elementor-element elementor-element-8e914da\" data-id=\"8e914da\" data-element_type=\"column\" data-e-type=\"column\">\n\t\t\t<div class=\"elementor-widget-wrap elementor-element-populated\">\n\t\t\t\t\t\t<div class=\"elementor-element elementor-element-37dfb79 elementor-widget-divider--view-line elementor-widget elementor-widget-divider\" data-id=\"37dfb79\" data-element_type=\"widget\" data-e-type=\"widget\" data-widget_type=\"divider.default\">\n\t\t\t\t<div class=\"elementor-widget-container\">\n\t\t\t\t\t\t\t<div class=\"elementor-divider\">\n\t\t\t<span class=\"elementor-divider-separator\">\n\t\t\t\t\t\t<\/span>\n\t\t<\/div>\n\t\t\t\t\t\t<\/div>\n\t\t\t\t<\/div>\n\t\t\t\t<div class=\"elementor-element elementor-element-b4dc35e elementor-widget elementor-widget-text-editor\" data-id=\"b4dc35e\" data-element_type=\"widget\" data-e-type=\"widget\" data-widget_type=\"text-editor.default\">\n\t\t\t\t<div class=\"elementor-widget-container\">\n\t\t\t\t\t\t\t\t\t<h2><strong>Our Staff members<br \/><\/strong><\/h2>\t\t\t\t\t\t\t\t<\/div>\n\t\t\t\t<\/div>\n\t\t\t\t<div class=\"elementor-element elementor-element-45f9822 elementor-widget elementor-widget-spacer\" data-id=\"45f9822\" data-element_type=\"widget\" data-e-type=\"widget\" data-widget_type=\"spacer.default\">\n\t\t\t\t<div class=\"elementor-widget-container\">\n\t\t\t\t\t\t\t<div class=\"elementor-spacer\">\n\t\t\t<div class=\"elementor-spacer-inner\"><\/div>\n\t\t<\/div>\n\t\t\t\t\t\t<\/div>\n\t\t\t\t<\/div>\n\t\t\t\t<div class=\"elementor-element elementor-element-003f328 elementor-widget elementor-widget-text-editor\" data-id=\"003f328\" data-element_type=\"widget\" data-e-type=\"widget\" data-widget_type=\"text-editor.default\">\n\t\t\t\t<div class=\"elementor-widget-container\">\n\t\t\t\t\t\t\t\t\t<p><strong>Am\u00e9lie Giurgiuca<\/strong> | Coordinnator<\/p><p><strong>Pierre Clerjeune<\/strong> | Community organizer<\/p><p><strong>Camille Thompson<\/strong> | Community organizer<\/p><p><strong>Prudencio Adom\u2019megaa<\/strong> | Community organizer<\/p><p><strong>Michel Maurais<\/strong> | Community organizer<\/p><p><strong>Clement Dai<\/strong> | Community worker for Escouade Salubrit\u00e9 Project<\/p><p><strong>Anissa Cherif<\/strong> | Community worker for Escouade Salubrit\u00e9 Project<\/p>\t\t\t\t\t\t\t\t<\/div>\n\t\t\t\t<\/div>\n\t\t\t\t\t<\/div>\n\t\t<\/div>\n\t\t\t\t\t<\/div>\n\t\t<\/section>\n\t\t\t\t<section class=\"elementor-section elementor-top-section elementor-element elementor-element-4616f8c elementor-section-height-min-height elementor-section-boxed elementor-section-height-default elementor-section-items-middle\" data-id=\"4616f8c\" data-element_type=\"section\" data-e-type=\"section\" data-settings=\"{&quot;background_background&quot;:&quot;classic&quot;}\">\n\t\t\t\t\t\t<div class=\"elementor-container elementor-column-gap-default\">\n\t\t\t\t\t<div class=\"elementor-column elementor-col-100 elementor-top-column elementor-element elementor-element-f1295d7\" data-id=\"f1295d7\" data-element_type=\"column\" data-e-type=\"column\">\n\t\t\t<div class=\"elementor-widget-wrap elementor-element-populated\">\n\t\t\t\t\t\t<div class=\"elementor-element elementor-element-4abb7c3 elementor-widget-divider--view-line elementor-widget elementor-widget-divider\" data-id=\"4abb7c3\" data-element_type=\"widget\" data-e-type=\"widget\" data-widget_type=\"divider.default\">\n\t\t\t\t<div class=\"elementor-widget-container\">\n\t\t\t\t\t\t\t<div class=\"elementor-divider\">\n\t\t\t<span class=\"elementor-divider-separator\">\n\t\t\t\t\t\t<\/span>\n\t\t<\/div>\n\t\t\t\t\t\t<\/div>\n\t\t\t\t<\/div>\n\t\t\t\t<div class=\"elementor-element elementor-element-0cdfd72 elementor-widget elementor-widget-text-editor\" data-id=\"0cdfd72\" data-element_type=\"widget\" data-e-type=\"widget\" data-widget_type=\"text-editor.default\">\n\t\t\t\t<div class=\"elementor-widget-container\">\n\t\t\t\t\t\t\t\t\t<h2><strong>Our Board of Directors<br \/><\/strong><\/h2>\t\t\t\t\t\t\t\t<\/div>\n\t\t\t\t<\/div>\n\t\t\t\t<div class=\"elementor-element elementor-element-a480899 elementor-widget elementor-widget-spacer\" data-id=\"a480899\" data-element_type=\"widget\" data-e-type=\"widget\" data-widget_type=\"spacer.default\">\n\t\t\t\t<div class=\"elementor-widget-container\">\n\t\t\t\t\t\t\t<div class=\"elementor-spacer\">\n\t\t\t<div class=\"elementor-spacer-inner\"><\/div>\n\t\t<\/div>\n\t\t\t\t\t\t<\/div>\n\t\t\t\t<\/div>\n\t\t\t\t<div class=\"elementor-element elementor-element-4fe7c31 elementor-widget elementor-widget-text-editor\" data-id=\"4fe7c31\" data-element_type=\"widget\" data-e-type=\"widget\" data-widget_type=\"text-editor.default\">\n\t\t\t\t<div class=\"elementor-widget-container\">\n\t\t\t\t\t\t\t\t\t<p><strong>R\u00e9 Poulin<\/strong> | President<\/p><p><strong>Jean-Daniel Papillon<\/strong> | Vice-President<\/p><p><strong>Claude Dagneau<\/strong> | Treasurer<\/p><p><strong>Lianne C\u00f4t\u00e9<\/strong> | Secretary<\/p><p><strong>Susan Fitch <\/strong>| Board member<\/p><p><strong>Suzanne Archambault <\/strong>| Board member<\/p><p><strong>Kyla Wells <\/strong>| Board member<\/p>\t\t\t\t\t\t\t\t<\/div>\n\t\t\t\t<\/div>\n\t\t\t\t\t<\/div>\n\t\t<\/div>\n\t\t\t\t\t<\/div>\n\t\t<\/section>\n\t\t\t\t<\/div>\n\t\t","protected":false},"excerpt":{"rendered":"<p>\u00a9 Fernando Calder\u00f3n Our Staff members Am\u00e9lie Giurgiuca | Coordinnator Pierre Clerjeune | Community organizer Camille Thompson | Community organizer Prudencio Adom\u2019megaa | Community organizer Michel Maurais | Community organizer Clement Dai | Community worker for Escouade Salubrit\u00e9 Project Anissa Cherif | Community worker for Escouade Salubrit\u00e9 Project Our Board of Directors R\u00e9 Poulin | [&hellip;]<\/p>\n","protected":false},"author":1,"featured_media":0,"parent":0,"menu_order":0,"comment_status":"closed","ping_status":"closed","template":"elementor_header_footer","meta":{"_acf_changed":false,"site-sidebar-layout":"no-sidebar","site-content-layout":"page-builder","ast-site-content-layout":"default","site-content-style":"default","site-sidebar-style":"default","ast-global-header-display":"","ast-banner-title-visibility":"","ast-main-header-display":"","ast-hfb-above-header-display":"","ast-hfb-below-header-display":"","ast-hfb-mobile-header-display":"","site-post-title":"disabled","ast-breadcrumbs-content":"","ast-featured-img":"disabled","footer-sml-layout":"","ast-disable-related-posts":"","theme-transparent-header-meta":"default","adv-header-id-meta":"","stick-header-meta":"","header-above-stick-meta":"","header-main-stick-meta":"","header-below-stick-meta":"","astra-migrate-meta-layouts":"default","ast-page-background-enabled":"default","ast-page-background-meta":{"desktop":{"background-color":"","background-image":"","background-repeat":"repeat","background-position":"center center","background-size":"auto","background-attachment":"scroll","background-type":"","background-media":"","overlay-type":"","overlay-color":"","overlay-opacity":"","overlay-gradient":""},"tablet":{"background-color":"","background-image":"","background-repeat":"repeat","background-position":"center center","background-size":"auto","background-attachment":"scroll","background-type":"","background-media":"","overlay-type":"","overlay-color":"","overlay-opacity":"","overlay-gradient":""},"mobile":{"background-color":"","background-image":"","background-repeat":"repeat","background-position":"center center","background-size":"auto","background-attachment":"scroll","background-type":"","background-media":"","overlay-type":"","overlay-color":"","overlay-opacity":"","overlay-gradient":""}},"ast-content-background-meta":{"desktop":{"background-color":"var(--ast-global-color-5)","background-image":"","background-repeat":"repeat","background-position":"center center","background-size":"auto","background-attachment":"scroll","background-type":"","background-media":"","overlay-type":"","overlay-color":"","overlay-opacity":"","overlay-gradient":""},"tablet":{"background-color":"var(--ast-global-color-5)","background-image":"","background-repeat":"repeat","background-position":"center center","background-size":"auto","background-attachment":"scroll","background-type":"","background-media":"","overlay-type":"","overlay-color":"","overlay-opacity":"","overlay-gradient":""},"mobile":{"background-color":"var(--ast-global-color-5)","background-image":"","background-repeat":"repeat","background-position":"center center","background-size":"auto","background-attachment":"scroll","background-type":"","background-media":"","overlay-type":"","overlay-color":"","overlay-opacity":"","overlay-gradient":""}},"footnotes":""},"class_list":["post-1953","page","type-page","status-publish","hentry"],"acf":[],"yoast_head":"<!-- This site is optimized with the Yoast SEO plugin v27.0 - https:\/\/yoast.com\/product\/yoast-seo-wordpress\/ -->\n<title>Staff &amp; Board of Directors - OEIL C\u00f4te-des-Neiges<\/title>\n<meta name=\"robots\" content=\"index, follow, max-snippet:-1, max-image-preview:large, max-video-preview:-1\" \/>\n<link rel=\"canonical\" href=\"https:\/\/oeilcdn.org\/en\/staff-board-of-directors\/\" \/>\n<meta property=\"og:locale\" content=\"en_US\" \/>\n<meta property=\"og:type\" content=\"article\" \/>\n<meta property=\"og:title\" content=\"Staff &amp; Board of Directors - OEIL C\u00f4te-des-Neiges\" \/>\n<meta property=\"og:description\" content=\"\u00a9 Fernando Calder\u00f3n Our Staff members Am\u00e9lie Giurgiuca | Coordinnator Pierre Clerjeune | Community organizer Camille Thompson | Community organizer Prudencio Adom\u2019megaa | Community organizer Michel Maurais | Community organizer Clement Dai | Community worker for Escouade Salubrit\u00e9 Project Anissa Cherif | Community worker for Escouade Salubrit\u00e9 Project Our Board of Directors R\u00e9 Poulin | [&hellip;]\" \/>\n<meta property=\"og:url\" content=\"https:\/\/oeilcdn.org\/en\/staff-board-of-directors\/\" \/>\n<meta property=\"og:site_name\" content=\"OEIL C\u00f4te-des-Neiges\" \/>\n<meta property=\"article:publisher\" content=\"https:\/\/www.facebook.com\/OEIL-C%c3%b4te-des-Neiges-150236932019\" \/>\n<meta property=\"article:modified_time\" content=\"2025-11-10T21:38:55+00:00\" \/>\n<meta property=\"og:image\" content=\"https:\/\/oeilcdn.org\/wp-content\/uploads\/2021\/07\/IMG_9841.jpg\" \/>\n\t<meta property=\"og:image:width\" content=\"1500\" \/>\n\t<meta property=\"og:image:height\" content=\"500\" \/>\n\t<meta property=\"og:image:type\" content=\"image\/jpeg\" \/>\n<meta name=\"twitter:card\" content=\"summary_large_image\" \/>\n<meta name=\"twitter:label1\" content=\"Est. reading time\" \/>\n\t<meta name=\"twitter:data1\" content=\"1 minute\" \/>\n<script type=\"application\/ld+json\" class=\"yoast-schema-graph\">{\"@context\":\"https:\/\/schema.org\",\"@graph\":[{\"@type\":\"WebPage\",\"@id\":\"https:\/\/oeilcdn.org\/en\/staff-board-of-directors\/\",\"url\":\"https:\/\/oeilcdn.org\/en\/staff-board-of-directors\/\",\"name\":\"Staff & Board of Directors - OEIL C\u00f4te-des-Neiges\",\"isPartOf\":{\"@id\":\"https:\/\/oeilcdn.org\/#website\"},\"primaryImageOfPage\":{\"@id\":\"https:\/\/oeilcdn.org\/en\/staff-board-of-directors\/#primaryimage\"},\"image\":{\"@id\":\"https:\/\/oeilcdn.org\/en\/staff-board-of-directors\/#primaryimage\"},\"thumbnailUrl\":\"https:\/\/oeilcdn.org\/wp-content\/uploads\/2021\/07\/IMG_9841.jpg\",\"datePublished\":\"2022-01-27T15:25:44+00:00\",\"dateModified\":\"2025-11-10T21:38:55+00:00\",\"breadcrumb\":{\"@id\":\"https:\/\/oeilcdn.org\/en\/staff-board-of-directors\/#breadcrumb\"},\"inLanguage\":\"en-US\",\"potentialAction\":[{\"@type\":\"ReadAction\",\"target\":[\"https:\/\/oeilcdn.org\/en\/staff-board-of-directors\/\"]}]},{\"@type\":\"ImageObject\",\"inLanguage\":\"en-US\",\"@id\":\"https:\/\/oeilcdn.org\/en\/staff-board-of-directors\/#primaryimage\",\"url\":\"https:\/\/oeilcdn.org\/wp-content\/uploads\/2021\/07\/IMG_9841.jpg\",\"contentUrl\":\"https:\/\/oeilcdn.org\/wp-content\/uploads\/2021\/07\/IMG_9841.jpg\"},{\"@type\":\"BreadcrumbList\",\"@id\":\"https:\/\/oeilcdn.org\/en\/staff-board-of-directors\/#breadcrumb\",\"itemListElement\":[{\"@type\":\"ListItem\",\"position\":1,\"name\":\"Accueil\",\"item\":\"https:\/\/oeilcdn.org\/en\/\"},{\"@type\":\"ListItem\",\"position\":2,\"name\":\"Staff &#038; Board of Directors\"}]},{\"@type\":\"WebSite\",\"@id\":\"https:\/\/oeilcdn.org\/#website\",\"url\":\"https:\/\/oeilcdn.org\/\",\"name\":\"OEIL C\u00f4te-des-Neiges\",\"description\":\"Pour la d\u00e9fense des droits des locataires\",\"publisher\":{\"@id\":\"https:\/\/oeilcdn.org\/#organization\"},\"potentialAction\":[{\"@type\":\"SearchAction\",\"target\":{\"@type\":\"EntryPoint\",\"urlTemplate\":\"https:\/\/oeilcdn.org\/?s={search_term_string}\"},\"query-input\":{\"@type\":\"PropertyValueSpecification\",\"valueRequired\":true,\"valueName\":\"search_term_string\"}}],\"inLanguage\":\"en-US\"},{\"@type\":\"Organization\",\"@id\":\"https:\/\/oeilcdn.org\/#organization\",\"name\":\"Organisation d\u2019\u00c9ducation & d\u2019Information Logement de C\u00f4te-des-Neiges (OEIL)\",\"url\":\"https:\/\/oeilcdn.org\/\",\"logo\":{\"@type\":\"ImageObject\",\"inLanguage\":\"en-US\",\"@id\":\"https:\/\/oeilcdn.org\/#\/schema\/logo\/image\/\",\"url\":\"https:\/\/oeilcdn.org\/wp-content\/uploads\/2021\/05\/logo-oeil-couleur.png\",\"contentUrl\":\"https:\/\/oeilcdn.org\/wp-content\/uploads\/2021\/05\/logo-oeil-couleur.png\",\"width\":452,\"height\":374,\"caption\":\"Organisation d\u2019\u00c9ducation & d\u2019Information Logement de C\u00f4te-des-Neiges (OEIL)\"},\"image\":{\"@id\":\"https:\/\/oeilcdn.org\/#\/schema\/logo\/image\/\"},\"sameAs\":[\"https:\/\/www.facebook.com\/OEIL-C\u00f4te-des-Neiges-150236932019\"]}]}<\/script>\n<!-- \/ Yoast SEO plugin. -->","yoast_head_json":{"title":"Staff & Board of Directors - OEIL C\u00f4te-des-Neiges","robots":{"index":"index","follow":"follow","max-snippet":"max-snippet:-1","max-image-preview":"max-image-preview:large","max-video-preview":"max-video-preview:-1"},"canonical":"https:\/\/oeilcdn.org\/en\/staff-board-of-directors\/","og_locale":"en_US","og_type":"article","og_title":"Staff & Board of Directors - OEIL C\u00f4te-des-Neiges","og_description":"\u00a9 Fernando Calder\u00f3n Our Staff members Am\u00e9lie Giurgiuca | Coordinnator Pierre Clerjeune | Community organizer Camille Thompson | Community organizer Prudencio Adom\u2019megaa | Community organizer Michel Maurais | Community organizer Clement Dai | Community worker for Escouade Salubrit\u00e9 Project Anissa Cherif | Community worker for Escouade Salubrit\u00e9 Project Our Board of Directors R\u00e9 Poulin | [&hellip;]","og_url":"https:\/\/oeilcdn.org\/en\/staff-board-of-directors\/","og_site_name":"OEIL C\u00f4te-des-Neiges","article_publisher":"https:\/\/www.facebook.com\/OEIL-C%c3%b4te-des-Neiges-150236932019","article_modified_time":"2025-11-10T21:38:55+00:00","og_image":[{"width":1500,"height":500,"url":"https:\/\/oeilcdn.org\/wp-content\/uploads\/2021\/07\/IMG_9841.jpg","type":"image\/jpeg"}],"twitter_card":"summary_large_image","twitter_misc":{"Est. reading time":"1 minute"},"schema":{"@context":"https:\/\/schema.org","@graph":[{"@type":"WebPage","@id":"https:\/\/oeilcdn.org\/en\/staff-board-of-directors\/","url":"https:\/\/oeilcdn.org\/en\/staff-board-of-directors\/","name":"Staff & Board of Directors - OEIL C\u00f4te-des-Neiges","isPartOf":{"@id":"https:\/\/oeilcdn.org\/#website"},"primaryImageOfPage":{"@id":"https:\/\/oeilcdn.org\/en\/staff-board-of-directors\/#primaryimage"},"image":{"@id":"https:\/\/oeilcdn.org\/en\/staff-board-of-directors\/#primaryimage"},"thumbnailUrl":"https:\/\/oeilcdn.org\/wp-content\/uploads\/2021\/07\/IMG_9841.jpg","datePublished":"2022-01-27T15:25:44+00:00","dateModified":"2025-11-10T21:38:55+00:00","breadcrumb":{"@id":"https:\/\/oeilcdn.org\/en\/staff-board-of-directors\/#breadcrumb"},"inLanguage":"en-US","potentialAction":[{"@type":"ReadAction","target":["https:\/\/oeilcdn.org\/en\/staff-board-of-directors\/"]}]},{"@type":"ImageObject","inLanguage":"en-US","@id":"https:\/\/oeilcdn.org\/en\/staff-board-of-directors\/#primaryimage","url":"https:\/\/oeilcdn.org\/wp-content\/uploads\/2021\/07\/IMG_9841.jpg","contentUrl":"https:\/\/oeilcdn.org\/wp-content\/uploads\/2021\/07\/IMG_9841.jpg"},{"@type":"BreadcrumbList","@id":"https:\/\/oeilcdn.org\/en\/staff-board-of-directors\/#breadcrumb","itemListElement":[{"@type":"ListItem","position":1,"name":"Accueil","item":"https:\/\/oeilcdn.org\/en\/"},{"@type":"ListItem","position":2,"name":"Staff &#038; Board of Directors"}]},{"@type":"WebSite","@id":"https:\/\/oeilcdn.org\/#website","url":"https:\/\/oeilcdn.org\/","name":"OEIL C\u00f4te-des-Neiges","description":"Pour la d\u00e9fense des droits des locataires","publisher":{"@id":"https:\/\/oeilcdn.org\/#organization"},"potentialAction":[{"@type":"SearchAction","target":{"@type":"EntryPoint","urlTemplate":"https:\/\/oeilcdn.org\/?s={search_term_string}"},"query-input":{"@type":"PropertyValueSpecification","valueRequired":true,"valueName":"search_term_string"}}],"inLanguage":"en-US"},{"@type":"Organization","@id":"https:\/\/oeilcdn.org\/#organization","name":"Organisation d\u2019\u00c9ducation & d\u2019Information Logement de C\u00f4te-des-Neiges (OEIL)","url":"https:\/\/oeilcdn.org\/","logo":{"@type":"ImageObject","inLanguage":"en-US","@id":"https:\/\/oeilcdn.org\/#\/schema\/logo\/image\/","url":"https:\/\/oeilcdn.org\/wp-content\/uploads\/2021\/05\/logo-oeil-couleur.png","contentUrl":"https:\/\/oeilcdn.org\/wp-content\/uploads\/2021\/05\/logo-oeil-couleur.png","width":452,"height":374,"caption":"Organisation d\u2019\u00c9ducation & d\u2019Information Logement de C\u00f4te-des-Neiges (OEIL)"},"image":{"@id":"https:\/\/oeilcdn.org\/#\/schema\/logo\/image\/"},"sameAs":["https:\/\/www.facebook.com\/OEIL-C\u00f4te-des-Neiges-150236932019"]}]}},"_links":{"self":[{"href":"https:\/\/oeilcdn.org\/en\/wp-json\/wp\/v2\/pages\/1953","targetHints":{"allow":["GET"]}}],"collection":[{"href":"https:\/\/oeilcdn.org\/en\/wp-json\/wp\/v2\/pages"}],"about":[{"href":"https:\/\/oeilcdn.org\/en\/wp-json\/wp\/v2\/types\/page"}],"author":[{"embeddable":true,"href":"https:\/\/oeilcdn.org\/en\/wp-json\/wp\/v2\/users\/1"}],"replies":[{"embeddable":true,"href":"https:\/\/oeilcdn.org\/en\/wp-json\/wp\/v2\/comments?post=1953"}],"version-history":[{"count":2,"href":"https:\/\/oeilcdn.org\/en\/wp-json\/wp\/v2\/pages\/1953\/revisions"}],"predecessor-version":[{"id":3231,"href":"https:\/\/oeilcdn.org\/en\/wp-json\/wp\/v2\/pages\/1953\/revisions\/3231"}],"wp:attachment":[{"href":"https:\/\/oeilcdn.org\/en\/wp-json\/wp\/v2\/media?parent=1953"}],"curies":[{"name":"wp","href":"https:\/\/api.w.org\/{rel}","templated":true}]}}